{"id":484,"date":"2024-11-12T09:36:00","date_gmt":"2024-11-12T08:36:00","guid":{"rendered":"https:\/\/humans.toulouse-biotechnology-institute.fr\/?page_id=484"},"modified":"2024-11-12T09:42:22","modified_gmt":"2024-11-12T08:42:22","slug":"mentions-legales","status":"publish","type":"page","link":"https:\/\/humans.toulouse-biotechnology-institute.fr\/en\/mentions-legales\/","title":{"rendered":"Mentions l\u00e9gales"},"content":{"rendered":"<div data-elementor-type=\"wp-page\" data-elementor-id=\"484\" class=\"elementor elementor-484\" data-elementor-post-type=\"page\">\n\t\t\t\t<div class=\"elementor-element elementor-element-6bd15e7 e-flex e-con-boxed e-con e-parent\" data-id=\"6bd15e7\" data-element_type=\"container\">\n\t\t\t\t\t<div class=\"e-con-inner\">\n\t\t\t\t<div class=\"elementor-element elementor-element-fe17b37 elementor-widget elementor-widget-text-editor\" data-id=\"fe17b37\" data-element_type=\"widget\" data-widget_type=\"text-editor.default\">\n\t\t\t\t<div class=\"elementor-widget-container\">\n\t\t\t\t\t\t\t\t\t<p>Cette page pr\u00e9sente les aspects l\u00e9gaux du site Web Humans of TBI, sous-site du\u00a0site Web <a href=\"http:\/\/toulouse-biotechnology-institute.fr\/\">TBI,\u00a0Toulouse Biotechnology Institute,\u00a0<em>Bio &amp; Chemical Engineering<\/em><\/a>.<\/p>\t\t\t\t\t\t\t\t<\/div>\n\t\t\t\t<\/div>\n\t\t\t\t<div class=\"elementor-element elementor-element-893b63b elementor-widget elementor-widget-text-editor\" data-id=\"893b63b\" data-element_type=\"widget\" data-widget_type=\"text-editor.default\">\n\t\t\t\t<div class=\"elementor-widget-container\">\n\t\t\t\t\t\t\t\t\t<h2 class=\"ametys-richtext-title-1\">Raison Sociale<\/h2><p><strong>TBI,<\/strong>\u00a0Toulouse Biotechnology Institute,\u00a0<em>Bio &amp; Chemical Engineering<\/em><\/p><p>UMR5504 \u2013\u00a0Institut National des Sciences Appliqu\u00e9es \u2013 CNRS<\/p><p>UMR792 \u2013 INRAE<\/p><p>135 Avenue de Rangueil<\/p><p>31077 Toulouse Cedex 4<\/p><p>T\u00e9l: 05 61 55 94 01<\/p>\t\t\t\t\t\t\t\t<\/div>\n\t\t\t\t<\/div>\n\t\t\t\t<div class=\"elementor-element elementor-element-57160fb elementor-widget elementor-widget-text-editor\" data-id=\"57160fb\" data-element_type=\"widget\" data-widget_type=\"text-editor.default\">\n\t\t\t\t<div class=\"elementor-widget-container\">\n\t\t\t\t\t\t\t\t\t<h2 class=\"ametys-richtext-title-1\">Directeur de publication<\/h2><p>Gilles TRUAN, Directeur de TBI<\/p><h2 class=\"ametys-richtext-title-1\">R\u00e9daction<\/h2><p>Christelle LABRUYERE \u2013 Charg\u00e9e de Communication \u2013\u00a0<a class=\"mailto\" href=\"mailto:christelle.labruyere@insa-toulouse.fr\">christelle.labruyere@insa-toulouse.fr\u00a0\u00a0<\/a>et les \u00e9quipes du TBI<\/p><h2 class=\"ametys-richtext-title-1\">H\u00e9bergeur<\/h2><p>INSA de Toulouse<\/p>\t\t\t\t\t\t\t\t<\/div>\n\t\t\t\t<\/div>\n\t\t\t\t<div class=\"elementor-element elementor-element-5941fca elementor-widget elementor-widget-text-editor\" data-id=\"5941fca\" data-element_type=\"widget\" data-widget_type=\"text-editor.default\">\n\t\t\t\t<div class=\"elementor-widget-container\">\n\t\t\t\t\t\t\t\t\t<h2 class=\"ametys-richtext-title-1\">Mentions l\u00e9gales<\/h2><p>La capture des informations nominatives \u00e0 fin de cr\u00e9ation d\u2019un autre traitement nominatif (par exemple \u00e0 usage commercial ou publicitaire) est strictement interdite pour tous pays.<\/p><p>Conform\u00e9ment \u00e0 la loi 78-17 \u201cInformatique et Libert\u00e9s\u201d (art 34 et art 36), vous disposez d\u2019un droit d\u2019acc\u00e8s, de rectification et de suppression des donn\u00e9es vous concernant, en ligne sur ce site. Pour exercer ce droit, vous pouvez vous adresser \u00e0\u00a0<a class=\"simple\" href=\"mailto:com-tbi@insa-toulouse.fr\" target=\"_blank\" rel=\"noopener\">com-tbi@insa-toulouse.fr<\/a><\/p>\t\t\t\t\t\t\t\t<\/div>\n\t\t\t\t<\/div>\n\t\t\t\t\t<\/div>\n\t\t\t\t<\/div>\n\t\t\t\t<\/div>","protected":false},"excerpt":{"rendered":"<p>Cette page pr\u00e9sente les aspects l\u00e9gaux du site Web Humans of TBI, sous-site du\u00a0site Web TBI,\u00a0Toulouse Biotechnology Institute,\u00a0Bio &amp; Chemical Engineering. Raison Sociale TBI,\u00a0Toulouse Biotechnology Institute,\u00a0Bio &amp; Chemical Engineering UMR5504 \u2013\u00a0Institut National des Sciences Appliqu\u00e9es \u2013 CNRS UMR792 \u2013 INRAE 135 Avenue de Rangueil 31077 Toulouse Cedex 4 T\u00e9l: 05 61 55 94 01 Directeur [&hellip;]<\/p>","protected":false},"author":1,"featured_media":0,"parent":0,"menu_order":0,"comment_status":"closed","ping_status":"closed","template":"","meta":{"footnotes":""},"class_list":["post-484","page","type-page","status-publish","hentry"],"yoast_head":"<!-- This site is optimized with the Yoast SEO plugin v26.1.1 - https:\/\/yoast.com\/wordpress\/plugins\/seo\/ -->\n<title>Mentions l\u00e9gales - Humans of TBI<\/title>\n<meta name=\"robots\" content=\"index, follow, max-snippet:-1, max-image-preview:large, max-video-preview:-1\" \/>\n<link rel=\"canonical\" href=\"https:\/\/humans.toulouse-biotechnology-institute.fr\/en\/mentions-legales\/\" \/>\n<meta property=\"og:locale\" content=\"en_GB\" \/>\n<meta property=\"og:type\" content=\"article\" \/>\n<meta property=\"og:title\" content=\"Mentions l\u00e9gales - Humans of TBI\" \/>\n<meta property=\"og:description\" content=\"Cette page pr\u00e9sente les aspects l\u00e9gaux du site Web Humans of TBI, sous-site du\u00a0site Web TBI,\u00a0Toulouse Biotechnology Institute,\u00a0Bio &amp; Chemical Engineering. Raison Sociale TBI,\u00a0Toulouse Biotechnology Institute,\u00a0Bio &amp; Chemical Engineering UMR5504 \u2013\u00a0Institut National des Sciences Appliqu\u00e9es \u2013 CNRS UMR792 \u2013 INRAE 135 Avenue de Rangueil 31077 Toulouse Cedex 4 T\u00e9l: 05 61 55 94 01 Directeur [&hellip;]\" \/>\n<meta property=\"og:url\" content=\"https:\/\/humans.toulouse-biotechnology-institute.fr\/en\/mentions-legales\/\" \/>\n<meta property=\"og:site_name\" content=\"Humans of TBI\" \/>\n<meta property=\"article:modified_time\" content=\"2024-11-12T08:42:22+00:00\" \/>\n<meta name=\"twitter:card\" content=\"summary_large_image\" \/>\n<meta name=\"twitter:label1\" content=\"Estimated reading time\" \/>\n\t<meta name=\"twitter:data1\" content=\"1 minute\" \/>\n<script type=\"application\/ld+json\" class=\"yoast-schema-graph\">{\"@context\":\"https:\/\/schema.org\",\"@graph\":[{\"@type\":\"WebPage\",\"@id\":\"https:\/\/humans.toulouse-biotechnology-institute.fr\/mentions-legales\/\",\"url\":\"https:\/\/humans.toulouse-biotechnology-institute.fr\/mentions-legales\/\",\"name\":\"Mentions l\u00e9gales - Humans of TBI\",\"isPartOf\":{\"@id\":\"https:\/\/humans.toulouse-biotechnology-institute.fr\/#website\"},\"datePublished\":\"2024-11-12T08:36:00+00:00\",\"dateModified\":\"2024-11-12T08:42:22+00:00\",\"breadcrumb\":{\"@id\":\"https:\/\/humans.toulouse-biotechnology-institute.fr\/mentions-legales\/#breadcrumb\"},\"inLanguage\":\"en-GB\",\"potentialAction\":[{\"@type\":\"ReadAction\",\"target\":[\"https:\/\/humans.toulouse-biotechnology-institute.fr\/mentions-legales\/\"]}]},{\"@type\":\"BreadcrumbList\",\"@id\":\"https:\/\/humans.toulouse-biotechnology-institute.fr\/mentions-legales\/#breadcrumb\",\"itemListElement\":[{\"@type\":\"ListItem\",\"position\":1,\"name\":\"Accueil\",\"item\":\"https:\/\/humans.toulouse-biotechnology-institute.fr\/\"},{\"@type\":\"ListItem\",\"position\":2,\"name\":\"Mentions l\u00e9gales\"}]},{\"@type\":\"WebSite\",\"@id\":\"https:\/\/humans.toulouse-biotechnology-institute.fr\/#website\",\"url\":\"https:\/\/humans.toulouse-biotechnology-institute.fr\/\",\"name\":\"Humans of TBI\",\"description\":\"\",\"publisher\":{\"@id\":\"https:\/\/humans.toulouse-biotechnology-institute.fr\/#organization\"},\"potentialAction\":[{\"@type\":\"SearchAction\",\"target\":{\"@type\":\"EntryPoint\",\"urlTemplate\":\"https:\/\/humans.toulouse-biotechnology-institute.fr\/?s={search_term_string}\"},\"query-input\":{\"@type\":\"PropertyValueSpecification\",\"valueRequired\":true,\"valueName\":\"search_term_string\"}}],\"inLanguage\":\"en-GB\"},{\"@type\":\"Organization\",\"@id\":\"https:\/\/humans.toulouse-biotechnology-institute.fr\/#organization\",\"name\":\"Humans of TBI\",\"url\":\"https:\/\/humans.toulouse-biotechnology-institute.fr\/\",\"logo\":{\"@type\":\"ImageObject\",\"inLanguage\":\"en-GB\",\"@id\":\"https:\/\/humans.toulouse-biotechnology-institute.fr\/#\/schema\/logo\/image\/\",\"url\":\"https:\/\/humans.toulouse-biotechnology-institute.fr\/wp-content\/uploads\/2024\/05\/300LOGO-TBITransp-BD-1.png\",\"contentUrl\":\"https:\/\/humans.toulouse-biotechnology-institute.fr\/wp-content\/uploads\/2024\/05\/300LOGO-TBITransp-BD-1.png\",\"width\":300,\"height\":169,\"caption\":\"Humans of TBI\"},\"image\":{\"@id\":\"https:\/\/humans.toulouse-biotechnology-institute.fr\/#\/schema\/logo\/image\/\"}}]}<\/script>\n<!-- \/ Yoast SEO plugin. -->","yoast_head_json":{"title":"Mentions l\u00e9gales - Humans of TBI","robots":{"index":"index","follow":"follow","max-snippet":"max-snippet:-1","max-image-preview":"max-image-preview:large","max-video-preview":"max-video-preview:-1"},"canonical":"https:\/\/humans.toulouse-biotechnology-institute.fr\/en\/mentions-legales\/","og_locale":"en_GB","og_type":"article","og_title":"Mentions l\u00e9gales - Humans of TBI","og_description":"Cette page pr\u00e9sente les aspects l\u00e9gaux du site Web Humans of TBI, sous-site du\u00a0site Web TBI,\u00a0Toulouse Biotechnology Institute,\u00a0Bio &amp; Chemical Engineering. Raison Sociale TBI,\u00a0Toulouse Biotechnology Institute,\u00a0Bio &amp; Chemical Engineering UMR5504 \u2013\u00a0Institut National des Sciences Appliqu\u00e9es \u2013 CNRS UMR792 \u2013 INRAE 135 Avenue de Rangueil 31077 Toulouse Cedex 4 T\u00e9l: 05 61 55 94 01 Directeur [&hellip;]","og_url":"https:\/\/humans.toulouse-biotechnology-institute.fr\/en\/mentions-legales\/","og_site_name":"Humans of TBI","article_modified_time":"2024-11-12T08:42:22+00:00","twitter_card":"summary_large_image","twitter_misc":{"Estimated reading time":"1 minute"},"schema":{"@context":"https:\/\/schema.org","@graph":[{"@type":"WebPage","@id":"https:\/\/humans.toulouse-biotechnology-institute.fr\/mentions-legales\/","url":"https:\/\/humans.toulouse-biotechnology-institute.fr\/mentions-legales\/","name":"Mentions l\u00e9gales - Humans of TBI","isPartOf":{"@id":"https:\/\/humans.toulouse-biotechnology-institute.fr\/#website"},"datePublished":"2024-11-12T08:36:00+00:00","dateModified":"2024-11-12T08:42:22+00:00","breadcrumb":{"@id":"https:\/\/humans.toulouse-biotechnology-institute.fr\/mentions-legales\/#breadcrumb"},"inLanguage":"en-GB","potentialAction":[{"@type":"ReadAction","target":["https:\/\/humans.toulouse-biotechnology-institute.fr\/mentions-legales\/"]}]},{"@type":"BreadcrumbList","@id":"https:\/\/humans.toulouse-biotechnology-institute.fr\/mentions-legales\/#breadcrumb","itemListElement":[{"@type":"ListItem","position":1,"name":"Accueil","item":"https:\/\/humans.toulouse-biotechnology-institute.fr\/"},{"@type":"ListItem","position":2,"name":"Mentions l\u00e9gales"}]},{"@type":"WebSite","@id":"https:\/\/humans.toulouse-biotechnology-institute.fr\/#website","url":"https:\/\/humans.toulouse-biotechnology-institute.fr\/","name":"Humans of TBI","description":"","publisher":{"@id":"https:\/\/humans.toulouse-biotechnology-institute.fr\/#organization"},"potentialAction":[{"@type":"SearchAction","target":{"@type":"EntryPoint","urlTemplate":"https:\/\/humans.toulouse-biotechnology-institute.fr\/?s={search_term_string}"},"query-input":{"@type":"PropertyValueSpecification","valueRequired":true,"valueName":"search_term_string"}}],"inLanguage":"en-GB"},{"@type":"Organization","@id":"https:\/\/humans.toulouse-biotechnology-institute.fr\/#organization","name":"Humans of TBI","url":"https:\/\/humans.toulouse-biotechnology-institute.fr\/","logo":{"@type":"ImageObject","inLanguage":"en-GB","@id":"https:\/\/humans.toulouse-biotechnology-institute.fr\/#\/schema\/logo\/image\/","url":"https:\/\/humans.toulouse-biotechnology-institute.fr\/wp-content\/uploads\/2024\/05\/300LOGO-TBITransp-BD-1.png","contentUrl":"https:\/\/humans.toulouse-biotechnology-institute.fr\/wp-content\/uploads\/2024\/05\/300LOGO-TBITransp-BD-1.png","width":300,"height":169,"caption":"Humans of TBI"},"image":{"@id":"https:\/\/humans.toulouse-biotechnology-institute.fr\/#\/schema\/logo\/image\/"}}]}},"jetpack_sharing_enabled":true,"_links":{"self":[{"href":"https:\/\/humans.toulouse-biotechnology-institute.fr\/en\/wp-json\/wp\/v2\/pages\/484","targetHints":{"allow":["GET"]}}],"collection":[{"href":"https:\/\/humans.toulouse-biotechnology-institute.fr\/en\/wp-json\/wp\/v2\/pages"}],"about":[{"href":"https:\/\/humans.toulouse-biotechnology-institute.fr\/en\/wp-json\/wp\/v2\/types\/page"}],"author":[{"embeddable":true,"href":"https:\/\/humans.toulouse-biotechnology-institute.fr\/en\/wp-json\/wp\/v2\/users\/1"}],"replies":[{"embeddable":true,"href":"https:\/\/humans.toulouse-biotechnology-institute.fr\/en\/wp-json\/wp\/v2\/comments?post=484"}],"version-history":[{"count":16,"href":"https:\/\/humans.toulouse-biotechnology-institute.fr\/en\/wp-json\/wp\/v2\/pages\/484\/revisions"}],"predecessor-version":[{"id":501,"href":"https:\/\/humans.toulouse-biotechnology-institute.fr\/en\/wp-json\/wp\/v2\/pages\/484\/revisions\/501"}],"wp:attachment":[{"href":"https:\/\/humans.toulouse-biotechnology-institute.fr\/en\/wp-json\/wp\/v2\/media?parent=484"}],"curies":[{"name":"wp","href":"https:\/\/api.w.org\/{rel}","templated":true}]}}